{"id":65,"date":"2023-05-17T11:07:09","date_gmt":"2023-05-17T11:07:09","guid":{"rendered":"https:\/\/themeholy.com\/wordpress\/dride\/?page_id=65"},"modified":"2024-04-22T13:36:55","modified_gmt":"2024-04-22T10:36:55","slug":"iletisim","status":"publish","type":"page","link":"https:\/\/golbasipsikoteknik.com\/index.php\/iletisim\/","title":{"rendered":"\u0130leti\u015fim"},"content":{"rendered":"\t\t<div data-elementor-type=\"wp-page\" data-elementor-id=\"65\" class=\"elementor elementor-65\">\n\t\t\t\t\t\t<section class=\"elementor-section elementor-top-section elementor-element elementor-element-19234ef elementor-section-boxed elementor-section-height-default elementor-section-height-default\" data-id=\"19234ef\" data-element_type=\"section\" data-settings=\"{&quot;background_background&quot;:&quot;classic&quot;}\">\n\t\t\t\t\t\t<div class=\"elementor-container elementor-column-gap-default\">\n\t\t\t\t\t<div class=\"elementor-column elementor-col-100 elementor-top-column elementor-element elementor-element-e5df80c\" data-id=\"e5df80c\" data-element_type=\"column\">\n\t\t\t<div class=\"elementor-widget-wrap elementor-element-populated\">\n\t\t\t\t\t\t<div class=\"elementor-element elementor-element-25e96af elementor-widget elementor-widget-dridecontactinfo\" data-id=\"25e96af\" data-element_type=\"widget\" data-widget_type=\"dridecontactinfo.default\">\n\t\t\t\t<div class=\"elementor-widget-container\">\n\t\t\t<!--==============================Contact Info Area==============================--><div class=\"row gy-4 justify-content-center\"><div class=\"col-lg-4 col-md-6\"><div class=\"contact-feature\"><div class=\"contact-feature_icon\"><img decoding=\"async\" src=\"https:\/\/themeholy.com\/wordpress\/dride\/wp-content\/uploads\/2023\/05\/contact_feature_1.svg\" alt=\"contact_feature_1\"  \/><\/div><span class=\"contact-feature_subtitle\">G\u00f6lba\u015f\u0131\/Ankara<\/span><h3 class=\"box-title\">G.o.p mah 379.sokak 5 b blok No: 8, <\/h3><\/div><\/div><div class=\"col-lg-4 col-md-6\"><div class=\"contact-feature bg-theme\"><div class=\"contact-feature_icon\"><img decoding=\"async\" src=\"https:\/\/themeholy.com\/wordpress\/dride\/wp-content\/uploads\/2023\/05\/contact_feature_2.svg\" alt=\"contact_feature_2\"  \/><\/div><span class=\"contact-feature_subtitle\">B\u0130Z\u0130 ARAYIN<\/span><h3 class=\"box-title\"><a href=\"tel:05077517181\">0507 751 7181<\/a><\/h3><\/div><\/div><div class=\"col-lg-4 col-md-6\"><div class=\"contact-feature\"><div class=\"contact-feature_icon\"><img decoding=\"async\" src=\"https:\/\/themeholy.com\/wordpress\/dride\/wp-content\/uploads\/2023\/05\/contact_feature_3.svg\" alt=\"contact_feature_3\"  \/><\/div><div class=\"contact-feature_content\"><span class=\"contact-feature_subtitle\">E-Posta <\/span><h3 class=\"box-title\"><a href=\"mailto:moganmogan@hotmail.com\">moganmogan@hotmail.com<\/a><\/h3><\/div><\/div><\/div><\/div>\t\t<\/div>\n\t\t\t\t<\/div>\n\t\t\t\t\t<\/div>\n\t\t<\/div>\n\t\t\t\t\t<\/div>\n\t\t<\/section>\n\t\t\t\t<section class=\"elementor-section elementor-top-section elementor-element elementor-element-e5da9dd elementor-section-boxed elementor-section-height-default elementor-section-height-default\" data-id=\"e5da9dd\" data-element_type=\"section\">\n\t\t\t\t\t\t<div class=\"elementor-container elementor-column-gap-default\">\n\t\t\t\t\t<div class=\"elementor-column elementor-col-100 elementor-top-column elementor-element elementor-element-06c10ee\" data-id=\"06c10ee\" data-element_type=\"column\" data-settings=\"{&quot;background_background&quot;:&quot;classic&quot;}\">\n\t\t\t<div class=\"elementor-widget-wrap elementor-element-populated\">\n\t\t\t\t\t\t<section class=\"elementor-section elementor-inner-section elementor-element elementor-element-b1e4be1 elementor-section-boxed elementor-section-height-default elementor-section-height-default\" data-id=\"b1e4be1\" data-element_type=\"section\" data-settings=\"{&quot;background_background&quot;:&quot;classic&quot;}\">\n\t\t\t\t\t\t<div class=\"elementor-container elementor-column-gap-no\">\n\t\t\t\t\t<div class=\"elementor-column elementor-col-100 elementor-inner-column elementor-element elementor-element-e4976ab\" data-id=\"e4976ab\" data-element_type=\"column\">\n\t\t\t<div class=\"elementor-widget-wrap elementor-element-populated\">\n\t\t\t\t\t\t<div class=\"elementor-element elementor-element-4febc70 contact-map elementor-widget elementor-widget-google_maps\" data-id=\"4febc70\" data-element_type=\"widget\" data-widget_type=\"google_maps.default\">\n\t\t\t\t<div class=\"elementor-widget-container\">\n\t\t\t<style>\/*! elementor - v3.21.0 - 18-04-2024 *\/\n.elementor-widget-google_maps .elementor-widget-container{overflow:hidden}.elementor-widget-google_maps .elementor-custom-embed{line-height:0}.elementor-widget-google_maps iframe{height:300px}<\/style>\t\t<div class=\"elementor-custom-embed\">\n\t\t\t<iframe loading=\"lazy\"\n\t\t\t\t\tsrc=\"https:\/\/maps.google.com\/maps?q=gazi%20osman%20pa%C5%9Fa%20mah%20379.soskak%205%20b%20blok%20No%3A%208&#038;t=m&#038;z=17&#038;output=embed&#038;iwloc=near\"\n\t\t\t\t\ttitle=\"gazi osman pa\u015fa mah 379.soskak 5 b blok No: 8\"\n\t\t\t\t\taria-label=\"gazi osman pa\u015fa mah 379.soskak 5 b blok No: 8\"\n\t\t\t><\/iframe>\n\t\t<\/div>\n\t\t\t\t<\/div>\n\t\t\t\t<\/div>\n\t\t\t\t\t<\/div>\n\t\t<\/div>\n\t\t\t\t\t<\/div>\n\t\t<\/section>\n\t\t\t\t\t<\/div>\n\t\t<\/div>\n\t\t\t\t\t<\/div>\n\t\t<\/section>\n\t\t\t\t<\/div>\n\t\t","protected":false},"excerpt":{"rendered":"<p>G\u00f6lba\u015f\u0131\/Ankara G.o.p mah 379.sokak 5 b blok No: 8, B\u0130Z\u0130 ARAYIN 0507 751 7181 E-Posta moganmogan@hotmail.com<\/p>\n","protected":false},"author":1,"featured_media":0,"parent":0,"menu_order":0,"comment_status":"closed","ping_status":"closed","template":"template-builder.php","meta":{"footnotes":""},"_links":{"self":[{"href":"https:\/\/golbasipsikoteknik.com\/index.php\/wp-json\/wp\/v2\/pages\/65"}],"collection":[{"href":"https:\/\/golbasipsikoteknik.com\/index.php\/wp-json\/wp\/v2\/pages"}],"about":[{"href":"https:\/\/golbasipsikoteknik.com\/index.php\/wp-json\/wp\/v2\/types\/page"}],"author":[{"embeddable":true,"href":"https:\/\/golbasipsikoteknik.com\/index.php\/wp-json\/wp\/v2\/users\/1"}],"replies":[{"embeddable":true,"href":"https:\/\/golbasipsikoteknik.com\/index.php\/wp-json\/wp\/v2\/comments?post=65"}],"version-history":[{"count":5,"href":"https:\/\/golbasipsikoteknik.com\/index.php\/wp-json\/wp\/v2\/pages\/65\/revisions"}],"predecessor-version":[{"id":3044,"href":"https:\/\/golbasipsikoteknik.com\/index.php\/wp-json\/wp\/v2\/pages\/65\/revisions\/3044"}],"wp:attachment":[{"href":"https:\/\/golbasipsikoteknik.com\/index.php\/wp-json\/wp\/v2\/media?parent=65"}],"curies":[{"name":"wp","href":"https:\/\/api.w.org\/{rel}","templated":true}]}}