{"id":64,"date":"2023-05-17T11:07:03","date_gmt":"2023-05-17T11:07:03","guid":{"rendered":"https:\/\/themeholy.com\/wordpress\/dride\/?page_id=64"},"modified":"2024-04-22T08:57:22","modified_gmt":"2024-04-22T05:57:22","slug":"sikca-sorulan-sorular","status":"publish","type":"page","link":"https:\/\/golbasipsikoteknik.com\/index.php\/sikca-sorulan-sorular\/","title":{"rendered":"S\u0131kca Sorulan Sorular"},"content":{"rendered":"\t\t<div data-elementor-type=\"wp-page\" data-elementor-id=\"64\" class=\"elementor elementor-64\">\n\t\t\t\t\t\t<section class=\"elementor-section elementor-top-section elementor-element elementor-element-7403263 elementor-section-boxed elementor-section-height-default elementor-section-height-default\" data-id=\"7403263\" data-element_type=\"section\">\n\t\t\t\t\t\t<div class=\"elementor-container elementor-column-gap-default\">\n\t\t\t\t\t<div class=\"elementor-column elementor-col-100 elementor-top-column elementor-element elementor-element-d83a9fc\" data-id=\"d83a9fc\" data-element_type=\"column\">\n\t\t\t<div class=\"elementor-widget-wrap elementor-element-populated\">\n\t\t\t\t\t\t<div class=\"elementor-element elementor-element-093d931 elementor-widget elementor-widget-dridefaq\" data-id=\"093d931\" data-element_type=\"widget\" data-widget_type=\"dridefaq.default\">\n\t\t\t\t<div class=\"elementor-widget-container\">\n\t\t\t<div class=\"accordion-1 accordion\" id=\"faqAccordion\"><div class=\"accordion-card active\"><div class=\"accordion-header\" id=\"collapse-item-2\"><button class=\"accordion-button \" type=\"button\" data-bs-toggle=\"collapse\" data-bs-target=\"#collapse-1\" aria-expanded=\"true\" aria-controls=\"collapse-1\">Psikoteknik Testi Nedir?<\/button><\/div><div id=\"collapse-1\" class=\"accordion-collapse collapse show \" aria-labelledby=\"collapse-item-1\" data-bs-parent=\"#faqAccordion\"><div class=\"accordion-body\"><p class=\"faq-text\">Psikoteknik Testi Sa\u011fl\u0131k Bakanl\u0131\u011f\u0131n\u0131n denetimindeki ( Irmak Psikoteknik gibi ) Yetkili Psikoteknik Merkezleri taraf\u0131ndan ki\u015finin bedensel ve ruhsal durumunun s\u00fcr\u00fcc\u00fcl\u00fck yapmaya yeterli oldu\u011funu, psikolog e\u015fli\u011finde onaylanm\u0131\u015f \u00f6zel cihazlarda en az 1 saat s\u00fcren \u00f6l\u00e7\u00fcmleme testine Psikoteknik Testi denir.<\/p><\/div><\/div><\/div><div class=\"accordion-card \"><div class=\"accordion-header\" id=\"collapse-item-2\"><button class=\"accordion-button collapsed\" type=\"button\" data-bs-toggle=\"collapse\" data-bs-target=\"#collapse-2\" aria-expanded=\"false\" aria-controls=\"collapse-2\">Psikoteknik De\u011ferlendirme Raporu Nedir?<\/button><\/div><div id=\"collapse-2\" class=\"accordion-collapse collapse  \" aria-labelledby=\"collapse-item-2\" data-bs-parent=\"#faqAccordion\"><div class=\"accordion-body\"><p class=\"faq-text\">Kara Yolu Trafik Kanunu kapsam\u0131nda ehliyet iadelerine d\u00f6n\u00fck i\u015flemlerde ve Kara Yolu Ta\u015f\u0131ma Y\u00f6netmeli\u011fi kapsam\u0131nda ta\u015f\u0131t kullanacak olan ki\u015filerden ya da istenen rapor, psikoteknik raporudur. Genel tan\u0131m\u0131 ile psikoteknik raporu, Sa\u011fl\u0131k Bakanl\u0131\u011f\u0131n\u0131n denetimindeki kurumlar taraf\u0131ndan ki\u015finin bedensel ve ruhsal durumunun s\u00fcr\u00fcc\u00fcl\u00fck yapmaya yeterli oldu\u011funu, psikolog e\u015fli\u011finde 1 saat s\u00fcren Psikoteknik Test sonucunda verilen rapordur.<\/p><\/div><\/div><\/div><div class=\"accordion-card \"><div class=\"accordion-header\" id=\"collapse-item-2\"><button class=\"accordion-button collapsed\" type=\"button\" data-bs-toggle=\"collapse\" data-bs-target=\"#collapse-3\" aria-expanded=\"false\" aria-controls=\"collapse-3\">Psikoteknik Belgesinde Psikiyatrik Muayene Nedir?<\/button><\/div><div id=\"collapse-3\" class=\"accordion-collapse collapse  \" aria-labelledby=\"collapse-item-3\" data-bs-parent=\"#faqAccordion\"><div class=\"accordion-body\"><p class=\"faq-text\">Psikoteknik Testine kat\u0131lm\u0131\u015f ve ad\u0131na Psikoteknik De\u011ferlendirme Raporu d\u00fczenlenmi\u015f ki\u015filer mevzuat gere\u011fi Psikoteknik De\u011ferlendirmeye dayal\u0131 Psikiyatrik muayenesine girmek zorundad\u0131r.Devlet ya da \u00f6zel hastahanelerde Psikiyatrist taraf\u0131ndan yap\u0131labilir. Psikoteknik De\u011ferlendirme Raporuyla Psikoteknik De\u011ferlendirmeye dayal\u0131 Psikiyatrik Muayene olarak adland\u0131r\u0131lan uzman onay\u0131 al\u0131n\u0131r. Psikoteknik De\u011ferlendirme Raporu olmayan ki\u015filer Psikoteknik Belgesi almak amac\u0131 ile Psikiyatrik Muayene giremezler.\nDevlet hastahanelerde \u00fccretsiz olan Psikiyatrik Muayene i\u00e7in s\u0131ra beklemeniz gerekebilir. S\u00fcreci k\u0131saltmak i\u00e7in \u00f6zel hastahanelerden \u00fccreti kar\u015f\u0131l\u0131\u011f\u0131nda an\u0131nda yapt\u0131r\u0131labilir.<\/p><\/div><\/div><\/div><div class=\"accordion-card \"><div class=\"accordion-header\" id=\"collapse-item-2\"><button class=\"accordion-button collapsed\" type=\"button\" data-bs-toggle=\"collapse\" data-bs-target=\"#collapse-4\" aria-expanded=\"false\" aria-controls=\"collapse-4\">Psikoteknik Belgesi Nedir?<\/button><\/div><div id=\"collapse-4\" class=\"accordion-collapse collapse  \" aria-labelledby=\"collapse-item-4\" data-bs-parent=\"#faqAccordion\"><div class=\"accordion-body\"><p class=\"faq-text\">Psikoteknik Belgesi yetkili Psikoteknik Merkezleri taraf\u0131ndan Psikolog e\u015fli\u011finde yap\u0131lan Psikoteknik Testi sonucu, Yetkilendirilmi\u015f Psikolog taraf\u0131ndan d\u00fczenlenen Psikoteknik De\u011ferlendirme Raporunuzun, \u00d6zel ya da Devlete ba\u011fl\u0131 sa\u011fl\u0131k kurulu\u015flar\u0131nda Psikiyatrist onay\u0131ndan ge\u00e7mesinden sonra ad\u0131n\u0131za tescil edilen ve S\u00fcr\u00fcc\u00fcl\u00fck yapman\u0131za bir engel olmad\u0131\u011f\u0131n\u0131 belirten belge Psikoteknik Belgesidir.\nPsikoteknik de\u011ferlendirme raporunuz resmi kurumlarca \u00f6rne\u011fin \u0130l\u00e7e Sa\u011fl\u0131k M\u00fcd\u00fcrl\u00fc\u011f\u00fcnce ya da ilgili devlet hastanesinin ba\u015fhekimli\u011fi taraf\u0131ndan onayland\u0131\u011f\u0131nda PsikoTeknik Belgesine sahip olabilirsiniz. Belirlenen zaman i\u00e7inde Onaylat\u0131lmayan Psikoteknik Raporlar\u0131 ge\u00e7ersiz say\u0131l\u0131r. Psikoteknik Belgesine d\u00f6n\u00fc\u015ft\u00fcr\u00fclemezler.\nPsikoteknik Belgeleri i\u00e7in kart verilmesi kald\u0131r\u0131lm\u0131\u015ft\u0131r. Devlet sistemine kay\u0131t d\u00fc\u015f\u00fclme uygulamas\u0131 getirilmi\u015ftir. Bunun i\u00e7in Psikoteknik Sorgulama sayfas\u0131ndan Detayl\u0131 bilgi edinebilirsiniz.<\/p><\/div><\/div><\/div><div class=\"accordion-card \"><div class=\"accordion-header\" id=\"collapse-item-2\"><button class=\"accordion-button collapsed\" type=\"button\" data-bs-toggle=\"collapse\" data-bs-target=\"#collapse-5\" aria-expanded=\"false\" aria-controls=\"collapse-5\">Psikoteknik Merkezi ya da Psikoteknik De\u011ferlendirme Merkezi Nedir?<\/button><\/div><div id=\"collapse-5\" class=\"accordion-collapse collapse  \" aria-labelledby=\"collapse-item-5\" data-bs-parent=\"#faqAccordion\"><div class=\"accordion-body\"><p class=\"faq-text\">Sa\u011fl\u0131k Bakanl\u0131\u011f\u0131n\u0131n denetimindeki ( Irmak Psikoteknik gibi ) Bakanl\u0131k\u00e7a yetkilendirilmi\u015f psikolog ve bu psikolog i\u00e7in onaylanm\u0131\u015f Psikoteknik Test cihaz\u0131 ya da cihazlar\u0131 ile resmi Psikoteknik testleri yapmaya yetkili kurumlara, Psikoteknik Merkezleri denir. Psikoteknik Cihazlar\u0131 online olarak Merkezi Sisteme ba\u011fl\u0131 olarak \u00e7al\u0131\u015f\u0131rlar. Belirli aral\u0131klarla teste giren ki\u015finin foto\u011fraf\u0131n\u0131 \u00e7ekerek kay\u0131t ederler b\u00f6ylece teste giren ki\u015finin kim oldu\u011fu saptanabildi\u011fi i\u00e7in ba\u015fkas\u0131n\u0131n yerine teste girenler belirlenebilmekte ve yasal i\u015flem yap\u0131labilmektedir.<\/p><\/div><\/div><\/div><div class=\"accordion-card \"><div class=\"accordion-header\" id=\"collapse-item-2\"><button class=\"accordion-button collapsed\" type=\"button\" data-bs-toggle=\"collapse\" data-bs-target=\"#collapse-6\" aria-expanded=\"false\" aria-controls=\"collapse-6\">Psikoteknik Raporlar\u0131nda Zaman A\u015f\u0131m\u0131 ?<\/button><\/div><div id=\"collapse-6\" class=\"accordion-collapse collapse  \" aria-labelledby=\"collapse-item-6\" data-bs-parent=\"#faqAccordion\"><div class=\"accordion-body\"><p class=\"faq-text\">Mevzuata g\u00f6re Psikiyatrist Onay\u0131 alm\u0131\u015f Psikoteknik Raporlar\u0131 \u00d6zel Hastahanelerde onaylanm\u0131\u015fsa \u0130l\u00e7e Sa\u011fl\u0131k M\u00fcd\u00fcrl\u00fcklerinde Devlet Hastahanelerinde onaylanm\u0131\u015fsa Ba\u015fhekimlik taraf\u0131ndan imzalanmas\u0131 gerekmektedir.<\/p><\/div><\/div><\/div><div class=\"accordion-card \"><div class=\"accordion-header\" id=\"collapse-item-2\"><button class=\"accordion-button collapsed\" type=\"button\" data-bs-toggle=\"collapse\" data-bs-target=\"#collapse-7\" aria-expanded=\"false\" aria-controls=\"collapse-7\">Kimlerin Psikoteknik Testinden Ge\u00e7mesi Gerekir.<\/button><\/div><div id=\"collapse-7\" class=\"accordion-collapse collapse  \" aria-labelledby=\"collapse-item-7\" data-bs-parent=\"#faqAccordion\"><div class=\"accordion-body\"><p class=\"faq-text\">Psikoteknik de\u011ferlendirme raporu almas\u0131 gerekenlerin kapsam\u0131 i\u00e7in ilgili Kara Yolu Ta\u015f\u0131ma y\u00f6netmeli\u011fine bakmak gerekiyor.&lt;\/p&gt;\n&lt;p class=&quot;p-num p-num-m p-num-m-1&quot;&gt;Kara Yolu Ta\u015f\u0131ma y\u00f6netmeli\u011fi kapsam\u0131nda \u00e7al\u0131\u015ft\u0131r\u0131lan veya \u00e7al\u0131\u015ft\u0131r\u0131lacak olanlardan psikoteknik raporu istenir. Bu \u00e7ok geni\u015f bir tan\u0131m oldu\u011fu i\u00e7in hemen hemen t\u00fcm ticari ta\u015f\u0131t kullananlar Psikoteknik de\u011ferlendirme raporu almak zorundad\u0131r. Ruhsal ve bedensel koordinasyonun, kara yollar\u0131nda geli\u015fecek durumlara yeterli d\u00fczeyde kavrama ve tepki verebilme kabiliyetlerinin, stres alt\u0131nda do\u011fru karar alabilme \u00f6zeliklerinin geli\u015fmi\u015f psikoteknik cihazlar\u0131 ile \u00f6l\u00e7\u00fcl\u00fcp standartlar i\u00e7inde olup olmad\u0131\u011f\u0131 tespit edilir. Fiziksel ve zihinsel durumumuzun kara yollar\u0131nda s\u00fcr\u00fcc\u00fcl\u00fck i\u00e7in yeterli oldu\u011fu tespit edilirse olumlu bir psikoteknik de\u011ferlendirme raporuna sahip olabiliriz.<\/p><\/div><\/div><\/div><\/div>\t\t<\/div>\n\t\t\t\t<\/div>\n\t\t\t\t\t<\/div>\n\t\t<\/div>\n\t\t\t\t\t<\/div>\n\t\t<\/section>\n\t\t\t\t<\/div>\n\t\t","protected":false},"excerpt":{"rendered":"<p>Psikoteknik Testi Nedir? Psikoteknik Testi Sa\u011fl\u0131k Bakanl\u0131\u011f\u0131n\u0131n denetimindeki ( Irmak Psikoteknik gibi ) Yetkili Psikoteknik Merkezleri taraf\u0131ndan ki\u015finin bedensel ve ruhsal durumunun s\u00fcr\u00fcc\u00fcl\u00fck yapmaya yeterli oldu\u011funu, psikolog e\u015fli\u011finde onaylanm\u0131\u015f \u00f6zel cihazlarda en az 1 saat s\u00fcren \u00f6l\u00e7\u00fcmleme testine Psikoteknik Testi denir. Psikoteknik De\u011ferlendirme Raporu Nedir? Kara Yolu Trafik Kanunu kapsam\u0131nda ehliyet iadelerine d\u00f6n\u00fck i\u015flemlerde ve&#8230;<\/p>\n","protected":false},"author":1,"featured_media":0,"parent":0,"menu_order":0,"comment_status":"closed","ping_status":"closed","template":"template-builder.php","meta":{"footnotes":""},"_links":{"self":[{"href":"https:\/\/golbasipsikoteknik.com\/index.php\/wp-json\/wp\/v2\/pages\/64"}],"collection":[{"href":"https:\/\/golbasipsikoteknik.com\/index.php\/wp-json\/wp\/v2\/pages"}],"about":[{"href":"https:\/\/golbasipsikoteknik.com\/index.php\/wp-json\/wp\/v2\/types\/page"}],"author":[{"embeddable":true,"href":"https:\/\/golbasipsikoteknik.com\/index.php\/wp-json\/wp\/v2\/users\/1"}],"replies":[{"embeddable":true,"href":"https:\/\/golbasipsikoteknik.com\/index.php\/wp-json\/wp\/v2\/comments?post=64"}],"version-history":[{"count":4,"href":"https:\/\/golbasipsikoteknik.com\/index.php\/wp-json\/wp\/v2\/pages\/64\/revisions"}],"predecessor-version":[{"id":3028,"href":"https:\/\/golbasipsikoteknik.com\/index.php\/wp-json\/wp\/v2\/pages\/64\/revisions\/3028"}],"wp:attachment":[{"href":"https:\/\/golbasipsikoteknik.com\/index.php\/wp-json\/wp\/v2\/media?parent=64"}],"curies":[{"name":"wp","href":"https:\/\/api.w.org\/{rel}","templated":true}]}}