{"id":2721,"date":"2024-02-11T18:08:24","date_gmt":"2024-02-11T18:08:24","guid":{"rendered":"https:\/\/themeholy.com\/wordpress\/dride\/?page_id=2721"},"modified":"2024-04-22T22:22:31","modified_gmt":"2024-04-22T19:22:31","slug":"ana-sayfa","status":"publish","type":"page","link":"https:\/\/golbasipsikoteknik.com\/","title":{"rendered":"Ana Sayfa"},"content":{"rendered":"\t\t<div data-elementor-type=\"wp-page\" data-elementor-id=\"2721\" class=\"elementor elementor-2721\">\n\t\t\t\t\t\t<section class=\"elementor-section elementor-top-section elementor-element elementor-element-56db7d0 elementor-section-full_width elementor-section-height-default elementor-section-height-default\" data-id=\"56db7d0\" data-element_type=\"section\">\n\t\t\t\t\t\t<div class=\"elementor-container elementor-column-gap-no\">\n\t\t\t\t\t<div class=\"elementor-column elementor-col-100 elementor-top-column elementor-element elementor-element-5f3d129\" data-id=\"5f3d129\" data-element_type=\"column\">\n\t\t\t<div class=\"elementor-widget-wrap elementor-element-populated\">\n\t\t\t\t\t\t<div class=\"elementor-element elementor-element-caec5ce elementor-widget elementor-widget-dridebanner3\" data-id=\"caec5ce\" data-element_type=\"widget\" data-widget_type=\"dridebanner3.default\">\n\t\t\t\t<div class=\"elementor-widget-container\">\n\t\t\t<div class=\"th-hero-wrapper hero-1 hero-14\" id=\"hero\"><div class=\"hero-slider-1 th-carousel\" data-adaptive-height=\"true\" data-fade=\"true\" data-slide-show=\"1\" data-md-slide-show=\"1\" data-arrows=\"true\" data-xl-arrows=\"true\"><div class=\"th-hero-slide\"><div class=\"th-hero-bg\" data-overlay=\"title\" data-opacity=\"8\" data-bg-src=\"https:\/\/golbasipsikoteknik.com\/wp-content\/uploads\/2024\/04\/slide-01.jpg\"><\/div><div class=\"container\"><div class=\"hero-style1 hero-style2 hero-style5 hero-style14\"><span class=\"sub-title\" data-ani=\"slideinleft\" data-ani-delay=\"0.1s\">Mogan Psiko Teknik Kursu<\/span><h1 class=\"hero-title\" data-ani=\"slideinleft\" data-ani-delay=\"0.3s\">Ankaran\u0131n En iyi Psikoteknik Kursu<\/h1><p class=\"hero-text\" data-ani=\"slideinleft\" data-ani-delay=\"0.7s\">Siz \u0130steyin 1 saatte  Psikoteknik Belgenizi Verelim<\/p><div class=\"btn-group\" data-ani=\"slideinleft\" data-ani-delay=\"0.9s\"><a href=\"\" class=\"th-btn style3\">\u0130leti\u015fim<i class=\"fas fa-arrow-right ms-2\"><\/i><\/a><div class=\"video-btn\"><a href=\"\" class=\"play-btn popup-video\"><i class=\"fas fa-play\"><\/i><\/a><a href=\"\" class=\"line-btn popup-video\"><\/a><\/div><\/div><\/div><\/div><\/div><\/div><\/div>\t\t<\/div>\n\t\t\t\t<\/div>\n\t\t\t\t\t<\/div>\n\t\t<\/div>\n\t\t\t\t\t<\/div>\n\t\t<\/section>\n\t\t\t\t<section class=\"elementor-section elementor-top-section elementor-element elementor-element-a68caa5 elementor-section-boxed elementor-section-height-default elementor-section-height-default\" data-id=\"a68caa5\" data-element_type=\"section\">\n\t\t\t\t\t\t<div class=\"elementor-container elementor-column-gap-no\">\n\t\t\t\t\t<div class=\"elementor-column elementor-col-50 elementor-top-column elementor-element elementor-element-cfe00ae\" data-id=\"cfe00ae\" data-element_type=\"column\">\n\t\t\t<div class=\"elementor-widget-wrap elementor-element-populated\">\n\t\t\t\t\t\t<div class=\"elementor-element elementor-element-856a2f6 elementor-widget elementor-widget-dridegroupimage\" data-id=\"856a2f6\" data-element_type=\"widget\" data-widget_type=\"dridegroupimage.default\">\n\t\t\t\t<div class=\"elementor-widget-container\">\n\t\t\t<div class=\"img-box8\"><div class=\"img1\"><img decoding=\"async\" src=\"https:\/\/golbasipsikoteknik.com\/wp-content\/uploads\/2024\/04\/about_5_22.png\" alt=\"about_5_22\"  \/><\/div><\/div>\t\t<\/div>\n\t\t\t\t<\/div>\n\t\t\t\t\t<\/div>\n\t\t<\/div>\n\t\t\t\t<div class=\"elementor-column elementor-col-50 elementor-top-column elementor-element elementor-element-db72fda\" data-id=\"db72fda\" data-element_type=\"column\">\n\t\t\t<div class=\"elementor-widget-wrap elementor-element-populated\">\n\t\t\t\t\t\t<div class=\"elementor-element elementor-element-793b84c elementor-widget__width-initial elementor-widget elementor-widget-dridesectiontitle\" data-id=\"793b84c\" data-element_type=\"widget\" data-widget_type=\"dridesectiontitle.default\">\n\t\t\t\t<div class=\"elementor-widget-container\">\n\t\t\t<div class=\"title-area-wrap\"><div class=\"title-area mb-30\" ><span class=\"sub-title subtitle-selector\"><img decoding=\"async\" src=\"https:\/\/golbasipsikoteknik.com\/wp-content\/plugins\/dride-core\/assets\/img\/title_shape_1.svg\" alt=\"title_shape_1\"  class=\"icon\" \/>Hakk\u0131m\u0131zda<\/span><h2 class=\"sec-title title-selector\">Mogan Psikoteknik <\/h2><\/div><p class=\"desc-selector mt-n2 mb-33\">Firmam\u0131z 1989 y\u0131l\u0131nda kurulmu\u015f olup ge\u00e7en zaman diliminde verdi\u011fi e\u011fitim kalitesiyle binlerce yetkin s\u00fcr\u00fcc\u00fc yeti\u015ftirmi\u015ftir. Uzman e\u011fitici kadrosu ile nezih bir ortamda, g\u00fcler y\u00fczl\u00fc personeli ve son model ara\u00e7lar\u0131yla Mogan E\u011fitim Kurumlar\u0131, insan hayat\u0131n\u0131 do\u011frudan ilgilendiren bir sahada hassasiyet ve sorumluluk anlay\u0131\u015f\u0131yla faaliyet g\u00f6stermektedir.<\/p><\/div>\t\t<\/div>\n\t\t\t\t<\/div>\n\t\t\t\t\t<\/div>\n\t\t<\/div>\n\t\t\t\t\t<\/div>\n\t\t<\/section>\n\t\t\t\t<section class=\"elementor-section elementor-top-section elementor-element elementor-element-72debf0 elementor-section-boxed elementor-section-height-default elementor-section-height-default\" data-id=\"72debf0\" data-element_type=\"section\">\n\t\t\t\t\t\t<div class=\"elementor-container elementor-column-gap-no\">\n\t\t\t\t\t<div class=\"elementor-column elementor-col-100 elementor-top-column elementor-element elementor-element-98604c8\" data-id=\"98604c8\" data-element_type=\"column\">\n\t\t\t<div class=\"elementor-widget-wrap elementor-element-populated\">\n\t\t\t\t\t\t<div class=\"elementor-element elementor-element-eb6ef6f elementor-widget elementor-widget-dridecourse\" data-id=\"eb6ef6f\" data-element_type=\"widget\" data-widget_type=\"dridecourse.default\">\n\t\t\t\t<div class=\"elementor-widget-container\">\n\t\t\t<div class=\"course-block-area\"><div class=\"course-block\"><div class=\"box-img\"><img decoding=\"async\" src=\"https:\/\/themeholy.com\/wordpress\/dride\/wp-content\/uploads\/2024\/02\/course_5_1.jpg\" alt=\"course_5_1\"  \/><\/div><div class=\"box-content\"><div class=\"title-area mb-30\"><span class=\"sub-title\"><img decoding=\"async\" src=\"https:\/\/golbasipsikoteknik.com\/wp-content\/plugins\/dride-core\/assets\/img\/title_shape_1.svg\" alt=\"shape\">MOGAN PS\u0130KOTEKN\u0130K KURSU<\/span><h2 class=\"sec-title\">PS\u0130KOTEKN\u0130K DE\u011eERLEND\u0130RME NED\u0130R<\/h2><\/div><p class=\"box-text mt-n2 mb-33\">Sa\u011fl\u0131k Bakanl\u0131\u011f\u0131 denetimiyle yetkilendirilen bir psikolog taraf\u0131ndan; y\u00fck ve yolcu ta\u015f\u0131mac\u0131l\u0131\u011f\u0131 yapan s\u00fcr\u00fcc\u00fclerin zihinsel ve psiko - motor becerilerini \u00f6l\u00e7mek amac\u0131yla yap\u0131lan testtir.\n\nS\u00fcr\u00fcc\u00fclerin Psikoteknik De\u011ferlendirme testine tabi tutulmas\u0131 yasal zorunluluk olup, testin sonucunda e-devlet \u00fczerinden al\u0131nan belgenin ge\u00e7erlili\u011fi 5 y\u0131ld\u0131r.\n\nPsikoteknik: S\u00fcr\u00fcc\u00fclerin sa\u011fl\u0131kl\u0131 s\u00fcr\u00fcc\u00fc olduklar\u0131n\u0131 kan\u0131tlayan bilgisayar destekli psikolojik ve fizyolojik testlerle \u00f6l\u00e7\u00fcl\u00fcp raporla kan\u0131tlanmas\u0131d\u0131r.\n\nS\u00fcr\u00fcc\u00fclerin g\u00fcvenli ara\u00e7 kullanmalar\u0131n\u0131 sa\u011flayan alg\u0131, dikkat, konsantrasyon, haf\u0131za, h\u0131z mesafe tahmini, \u00e7evresel g\u00f6r\u00fc\u015f, muhakeme, tepki h\u0131z\u0131, g\u00f6z, el, ayak koordinasyonu, Psiko-motor yetenek beceri d\u00fczeyinin, risk alma, sald\u0131rganl\u0131k, sorumluluk \u00f6z kontrol gibi davran\u0131\u015f ve al\u0131\u015fkanl\u0131klar\u0131n\u0131n bilgisayar destekli test sistemleri kullan\u0131larak \u00f6l\u00e7\u00fcld\u00fc\u011f\u00fc bir sistemdir. Psikoteknik bireylerin bir i\u015fteki yeterlili\u011fini bedensel ve zihinsel olarak testler arac\u0131l\u0131\u011f\u0131 ile \u00f6l\u00e7\u00fclmesidir.<\/p><div class=\"course-info-wrap\"><div class=\"course-info\"><div class=\"box-icon\"><img decoding=\"async\" src=\"https:\/\/themeholy.com\/wordpress\/dride\/wp-content\/uploads\/2024\/02\/course_5_2.svg\" alt=\"icon\" \/><\/div><div class=\"media-body\"><h4 class=\"box-title\">Teorik Ders<\/h4><p class=\"box-info\">1 Saat<\/p><\/div><\/div><div class=\"course-info\"><div class=\"box-icon\"><img decoding=\"async\" src=\"https:\/\/themeholy.com\/wordpress\/dride\/wp-content\/uploads\/2024\/02\/course_5_1.svg\" alt=\"icon\" \/><\/div><div class=\"media-body\"><h4 class=\"box-title\">Pratik Test<\/h4><p class=\"box-info\">15 dakika<\/p><\/div><\/div><\/div><a href=\"\" class=\"box-btn\" data-bg-src=\"https:\/\/golbasipsikoteknik.com\/wp-content\/plugins\/dride-core\/assets\/img\/course_btn_bg.jpg\">Sizde Hemen \u0130leti\u015fime Ge\u00e7iniz<\/a><\/div><\/div><\/div>\t\t<\/div>\n\t\t\t\t<\/div>\n\t\t\t\t\t<\/div>\n\t\t<\/div>\n\t\t\t\t\t<\/div>\n\t\t<\/section>\n\t\t\t\t<section class=\"elementor-section elementor-top-section elementor-element elementor-element-95f9f6f elementor-section-boxed elementor-section-height-default elementor-section-height-default\" data-id=\"95f9f6f\" data-element_type=\"section\" data-settings=\"{&quot;background_background&quot;:&quot;classic&quot;}\">\n\t\t\t\t\t\t<div class=\"elementor-container elementor-column-gap-default\">\n\t\t\t\t\t<div class=\"elementor-column elementor-col-100 elementor-top-column elementor-element elementor-element-e50dd82\" data-id=\"e50dd82\" data-element_type=\"column\">\n\t\t\t<div class=\"elementor-widget-wrap elementor-element-populated\">\n\t\t\t\t\t\t<div class=\"elementor-element elementor-element-1ed84ad elementor-widget elementor-widget-dridesectiontitle\" data-id=\"1ed84ad\" data-element_type=\"widget\" data-widget_type=\"dridesectiontitle.default\">\n\t\t\t\t<div class=\"elementor-widget-container\">\n\t\t\t<div class=\"title-area-wrap\"><div class=\"title-area\" ><span class=\"sub-title subtitle-selector\"><img decoding=\"async\" src=\"https:\/\/golbasipsikoteknik.com\/wp-content\/plugins\/dride-core\/assets\/img\/title_shape_1.svg\" alt=\"title_shape_1\"  class=\"icon\" \/>Mogan Psiko Teknik<\/span><h2 class=\"sec-title title-selector\">Son Yaz\u0131lar\u0131m\u0131z<\/h2><\/div><\/div>\t\t<\/div>\n\t\t\t\t<\/div>\n\t\t\t\t<div class=\"elementor-element elementor-element-90c012d elementor-widget elementor-widget-drideblogpost\" data-id=\"90c012d\" data-element_type=\"widget\" data-widget_type=\"drideblogpost.default\">\n\t\t\t\t<div class=\"elementor-widget-container\">\n\t\t\t<div class=\"row slider-shadow th-carousel\" data-slide-show=\"3\" data-lg-slide-show=\"2\" data-md-slide-show=\"2\" data-sm-slide-show=\"1\" data-arrows=\"1\"><\/div>\t\t<\/div>\n\t\t\t\t<\/div>\n\t\t\t\t\t<\/div>\n\t\t<\/div>\n\t\t\t\t\t<\/div>\n\t\t<\/section>\n\t\t\t\t<\/div>\n\t\t","protected":false},"excerpt":{"rendered":"<p>Mogan Psiko Teknik Kursu Ankaran\u0131n En iyi Psikoteknik Kursu Siz \u0130steyin 1 saatte Psikoteknik Belgenizi Verelim \u0130leti\u015fim Hakk\u0131m\u0131zda Mogan Psikoteknik Firmam\u0131z 1989 y\u0131l\u0131nda kurulmu\u015f olup ge\u00e7en zaman diliminde verdi\u011fi e\u011fitim kalitesiyle binlerce yetkin s\u00fcr\u00fcc\u00fc yeti\u015ftirmi\u015ftir. Uzman e\u011fitici kadrosu ile nezih bir ortamda, g\u00fcler y\u00fczl\u00fc personeli ve son model ara\u00e7lar\u0131yla Mogan E\u011fitim Kurumlar\u0131, insan hayat\u0131n\u0131 do\u011frudan&#8230;<\/p>\n","protected":false},"author":1,"featured_media":0,"parent":0,"menu_order":0,"comment_status":"closed","ping_status":"closed","template":"template-builder.php","meta":{"footnotes":""},"_links":{"self":[{"href":"https:\/\/golbasipsikoteknik.com\/index.php\/wp-json\/wp\/v2\/pages\/2721"}],"collection":[{"href":"https:\/\/golbasipsikoteknik.com\/index.php\/wp-json\/wp\/v2\/pages"}],"about":[{"href":"https:\/\/golbasipsikoteknik.com\/index.php\/wp-json\/wp\/v2\/types\/page"}],"author":[{"embeddable":true,"href":"https:\/\/golbasipsikoteknik.com\/index.php\/wp-json\/wp\/v2\/users\/1"}],"replies":[{"embeddable":true,"href":"https:\/\/golbasipsikoteknik.com\/index.php\/wp-json\/wp\/v2\/comments?post=2721"}],"version-history":[{"count":39,"href":"https:\/\/golbasipsikoteknik.com\/index.php\/wp-json\/wp\/v2\/pages\/2721\/revisions"}],"predecessor-version":[{"id":3049,"href":"https:\/\/golbasipsikoteknik.com\/index.php\/wp-json\/wp\/v2\/pages\/2721\/revisions\/3049"}],"wp:attachment":[{"href":"https:\/\/golbasipsikoteknik.com\/index.php\/wp-json\/wp\/v2\/media?parent=2721"}],"curies":[{"name":"wp","href":"https:\/\/api.w.org\/{rel}","templated":true}]}}